{"id":31,"date":"2024-04-10T17:39:52","date_gmt":"2024-04-10T17:39:52","guid":{"rendered":"https:\/\/www.propian.de\/our-story\/"},"modified":"2025-06-07T23:28:55","modified_gmt":"2025-06-07T23:28:55","slug":"portal","status":"publish","type":"page","link":"https:\/\/propian.de\/?page_id=31","title":{"rendered":".Portal"},"content":{"rendered":"\t\t<div data-elementor-type=\"wp-page\" data-elementor-id=\"31\" class=\"elementor elementor-31\" data-elementor-post-type=\"page\">\n\t\t\t\t<div class=\"elementor-element elementor-element-47a8853c e-con-full e-flex e-con e-parent\" data-id=\"47a8853c\" data-element_type=\"container\" data-e-type=\"container\">\n\t\t<div class=\"elementor-element elementor-element-17565af1 e-con-full e-flex e-con e-child\" data-id=\"17565af1\" data-element_type=\"container\" data-e-type=\"container\" data-settings=\"{&quot;background_background&quot;:&quot;classic&quot;}\">\n\t\t\t\t<div class=\"elementor-element elementor-element-6a52154 elementor-widget elementor-widget-image\" data-id=\"6a52154\" data-element_type=\"widget\" data-e-type=\"widget\" data-widget_type=\"image.default\">\n\t\t\t\t<div class=\"elementor-widget-container\">\n\t\t\t\t\t\t\t\t\t\t\t\t\t\t\t<img fetchpriority=\"high\" decoding=\"async\" width=\"800\" height=\"532\" src=\"https:\/\/propian.de\/wp-content\/uploads\/2025\/06\/document-428334_1280-1024x681.webp\" class=\"attachment-large size-large wp-image-276\" alt=\"\" srcset=\"https:\/\/propian.de\/wp-content\/uploads\/2025\/06\/document-428334_1280-1024x681.webp 1024w, https:\/\/propian.de\/wp-content\/uploads\/2025\/06\/document-428334_1280-300x199.webp 300w, https:\/\/propian.de\/wp-content\/uploads\/2025\/06\/document-428334_1280-768x511.webp 768w, https:\/\/propian.de\/wp-content\/uploads\/2025\/06\/document-428334_1280.webp 1280w\" sizes=\"(max-width: 800px) 100vw, 800px\" \/>\t\t\t\t\t\t\t\t\t\t\t\t\t\t\t<\/div>\n\t\t\t\t<\/div>\n\t\t\t\t<div class=\"elementor-element elementor-element-9bc2e01 elementor-widget elementor-widget-image\" data-id=\"9bc2e01\" data-element_type=\"widget\" data-e-type=\"widget\" data-widget_type=\"image.default\">\n\t\t\t\t<div class=\"elementor-widget-container\">\n\t\t\t\t\t\t\t\t\t\t\t\t\t\t\t<img decoding=\"async\" width=\"800\" height=\"450\" src=\"https:\/\/propian.de\/wp-content\/uploads\/2025\/06\/Screenshot-2025-06-07-235950.webp\" class=\"attachment-large size-large wp-image-277\" alt=\"\" srcset=\"https:\/\/propian.de\/wp-content\/uploads\/2025\/06\/Screenshot-2025-06-07-235950.webp 913w, https:\/\/propian.de\/wp-content\/uploads\/2025\/06\/Screenshot-2025-06-07-235950-300x169.webp 300w, https:\/\/propian.de\/wp-content\/uploads\/2025\/06\/Screenshot-2025-06-07-235950-768x432.webp 768w\" sizes=\"(max-width: 800px) 100vw, 800px\" \/>\t\t\t\t\t\t\t\t\t\t\t\t\t\t\t<\/div>\n\t\t\t\t<\/div>\n\t\t\t\t<\/div>\n\t\t<div class=\"elementor-element elementor-element-8734fb e-con-full e-flex e-con e-child\" data-id=\"8734fb\" data-element_type=\"container\" data-e-type=\"container\">\n\t\t\t\t<div class=\"elementor-element elementor-element-12836e92 elementor-widget elementor-widget-heading\" data-id=\"12836e92\" data-element_type=\"widget\" data-e-type=\"widget\" data-widget_type=\"heading.default\">\n\t\t\t\t<div class=\"elementor-widget-container\">\n\t\t\t\t\t<h6 class=\"elementor-heading-title elementor-size-default\">Propian.Portal - Proposal &amp; Suppliers<\/h6>\t\t\t\t<\/div>\n\t\t\t\t<\/div>\n\t\t\t\t<div class=\"elementor-element elementor-element-3fd0410 elementor-widget elementor-widget-heading\" data-id=\"3fd0410\" data-element_type=\"widget\" data-e-type=\"widget\" data-widget_type=\"heading.default\">\n\t\t\t\t<div class=\"elementor-widget-container\">\n\t\t\t\t\t<h1 class=\"elementor-heading-title elementor-size-default\">Angebots- &amp; Vertragsmanagement leicht gemacht<\/h1>\t\t\t\t<\/div>\n\t\t\t\t<\/div>\n\t\t\t\t<div class=\"elementor-element elementor-element-662ba29b elementor-invisible elementor-widget elementor-widget-text-editor\" data-id=\"662ba29b\" data-element_type=\"widget\" data-e-type=\"widget\" data-settings=\"{&quot;_animation&quot;:&quot;fadeIn&quot;,&quot;_animation_delay&quot;:400}\" data-widget_type=\"text-editor.default\">\n\t\t\t\t<div class=\"elementor-widget-container\">\n\t\t\t\t\t\t\t\t\t<p data-start=\"187\" data-end=\"399\">Erstelle individuelle Kundenangebote inklusive passender Lieferantenanfragen \u2013 alles zentral und \u00fcbersichtlich.<br data-start=\"298\" data-end=\"301\" \/>Vergleiche Lieferantenangebote direkt mit den Kundenangeboten und f\u00fchre sie bei Bedarf zusammen.<\/p><p data-start=\"401\" data-end=\"618\">Dank unserer <strong data-start=\"414\" data-end=\"438\">DocuSeal-Integration<\/strong> lassen sich Vertr\u00e4ge digital unterschreiben \u2013 schnell, sicher und rechtskonform.<br data-start=\"519\" data-end=\"522\" \/>Verwalte alle Kunden- und Lieferantenvertr\u00e4ge an einem Ort \u2013 transparent und jederzeit abrufbar.<\/p><p data-start=\"620\" data-end=\"803\">Zus\u00e4tzlich kannst du direkt mit Kunden und Lieferanten kommunizieren. E-Mails werden automatisch den jeweiligen Projekten zugeordnet \u2013 f\u00fcr l\u00fcckenlose Nachverfolgung und klare Abl\u00e4ufe.<\/p>\t\t\t\t\t\t\t\t<\/div>\n\t\t\t\t<\/div>\n\t\t\t\t<\/div>\n\t\t\t\t<\/div>\n\t\t<div class=\"elementor-element elementor-element-9168574 e-flex e-con-boxed e-con e-parent\" data-id=\"9168574\" data-element_type=\"container\" data-e-type=\"container\">\n\t\t\t\t\t<div class=\"e-con-inner\">\n\t\t\t\t<div class=\"elementor-element elementor-element-29a79cc elementor-widget elementor-widget-spacer\" data-id=\"29a79cc\" data-element_type=\"widget\" data-e-type=\"widget\" data-widget_type=\"spacer.default\">\n\t\t\t\t<div class=\"elementor-widget-container\">\n\t\t\t\t\t\t\t<div class=\"elementor-spacer\">\n\t\t\t<div class=\"elementor-spacer-inner\"><\/div>\n\t\t<\/div>\n\t\t\t\t\t\t<\/div>\n\t\t\t\t<\/div>\n\t\t\t\t\t<\/div>\n\t\t\t\t<\/div>\n\t\t<div class=\"elementor-element elementor-element-ead0b3a e-con-full e-flex e-con e-parent\" data-id=\"ead0b3a\" data-element_type=\"container\" data-e-type=\"container\">\n\t\t<div class=\"elementor-element elementor-element-ae86d46 e-con-full e-flex e-con e-child\" data-id=\"ae86d46\" data-element_type=\"container\" data-e-type=\"container\">\n\t\t\t\t<div class=\"elementor-element elementor-element-9067963 elementor-widget elementor-widget-heading\" data-id=\"9067963\" data-element_type=\"widget\" data-e-type=\"widget\" data-widget_type=\"heading.default\">\n\t\t\t\t<div class=\"elementor-widget-container\">\n\t\t\t\t\t<h6 class=\"elementor-heading-title elementor-size-default\">Propian.Portal - Files &amp; CRM<\/h6>\t\t\t\t<\/div>\n\t\t\t\t<\/div>\n\t\t\t\t<div class=\"elementor-element elementor-element-adc3381 elementor-widget elementor-widget-heading\" data-id=\"adc3381\" data-element_type=\"widget\" data-e-type=\"widget\" data-widget_type=\"heading.default\">\n\t\t\t\t<div class=\"elementor-widget-container\">\n\t\t\t\t\t<h1 class=\"elementor-heading-title elementor-size-default\">Projekte transparent dokumentieren \u2013 alles an einem Ort<\/h1>\t\t\t\t<\/div>\n\t\t\t\t<\/div>\n\t\t\t\t<div class=\"elementor-element elementor-element-be705b9 elementor-invisible elementor-widget elementor-widget-text-editor\" data-id=\"be705b9\" data-element_type=\"widget\" data-e-type=\"widget\" data-settings=\"{&quot;_animation&quot;:&quot;fadeIn&quot;,&quot;_animation_delay&quot;:400}\" data-widget_type=\"text-editor.default\">\n\t\t\t\t<div class=\"elementor-widget-container\">\n\t\t\t\t\t\t\t\t\t<p data-start=\"204\" data-end=\"353\">Damit Projekte jederzeit nachvollziehbar bleiben, bieten wir eine umfassende <strong data-start=\"281\" data-end=\"305\">Projektdokumentation<\/strong>, die weit \u00fcber klassische Notizen hinausgeht.<\/p><p data-start=\"355\" data-end=\"564\">Unsere L\u00f6sung kombiniert eine leistungsstarke <strong data-start=\"401\" data-end=\"417\">CRM-Funktion<\/strong>, einen intuitiven <strong data-start=\"436\" data-end=\"454\">Dateiaustausch<\/strong>, ein integriertes <strong data-start=\"473\" data-end=\"488\">Wiki-System<\/strong> sowie die <strong data-start=\"499\" data-end=\"520\">API-Dokumentation<\/strong> \u2013 alles direkt im Projektkontext verf\u00fcgbar.<\/p><p data-start=\"566\" data-end=\"618\">So wird jede Projektkorrespondenz zentral erfasst:<\/p><ul data-start=\"619\" data-end=\"786\"><li data-start=\"619\" data-end=\"677\"><p data-start=\"621\" data-end=\"677\">E-Mails, Notizen und Dateien sind jederzeit auffindbar<\/p><\/li><li data-start=\"678\" data-end=\"721\"><p data-start=\"680\" data-end=\"721\">Wissensst\u00e4nde im Team bleiben gesichert<\/p><\/li><li data-start=\"722\" data-end=\"786\"><p data-start=\"724\" data-end=\"786\">Technische Details und Schnittstellen sind klar dokumentiert<\/p><\/li><\/ul><p data-start=\"788\" data-end=\"946\">Das Ergebnis: <strong data-start=\"802\" data-end=\"887\">maximale Transparenz, effizienter Wissenstransfer und weniger Informationsverlust<\/strong> \u2013 selbst bei komplexen Projekten mit mehreren Beteiligten.<\/p>\t\t\t\t\t\t\t\t<\/div>\n\t\t\t\t<\/div>\n\t\t\t\t<\/div>\n\t\t<div class=\"elementor-element elementor-element-091f7fb e-con-full e-flex e-con e-child\" data-id=\"091f7fb\" data-element_type=\"container\" data-e-type=\"container\" data-settings=\"{&quot;background_background&quot;:&quot;classic&quot;}\">\n\t\t\t\t<div class=\"elementor-element elementor-element-f99758c elementor-widget elementor-widget-image\" data-id=\"f99758c\" data-element_type=\"widget\" data-e-type=\"widget\" data-widget_type=\"image.default\">\n\t\t\t\t<div class=\"elementor-widget-container\">\n\t\t\t\t\t\t\t\t\t\t\t\t\t\t\t<img decoding=\"async\" width=\"800\" height=\"347\" src=\"https:\/\/propian.de\/wp-content\/uploads\/2025\/06\/Screenshot-2025-06-08-001128-1024x444.webp\" class=\"attachment-large size-large wp-image-279\" alt=\"\" srcset=\"https:\/\/propian.de\/wp-content\/uploads\/2025\/06\/Screenshot-2025-06-08-001128-1024x444.webp 1024w, https:\/\/propian.de\/wp-content\/uploads\/2025\/06\/Screenshot-2025-06-08-001128-300x130.webp 300w, https:\/\/propian.de\/wp-content\/uploads\/2025\/06\/Screenshot-2025-06-08-001128-768x333.webp 768w, https:\/\/propian.de\/wp-content\/uploads\/2025\/06\/Screenshot-2025-06-08-001128-1536x665.webp 1536w, https:\/\/propian.de\/wp-content\/uploads\/2025\/06\/Screenshot-2025-06-08-001128.webp 1639w\" sizes=\"(max-width: 800px) 100vw, 800px\" \/>\t\t\t\t\t\t\t\t\t\t\t\t\t\t\t<\/div>\n\t\t\t\t<\/div>\n\t\t\t\t<div class=\"elementor-element elementor-element-134331d elementor-widget elementor-widget-image\" data-id=\"134331d\" data-element_type=\"widget\" data-e-type=\"widget\" data-widget_type=\"image.default\">\n\t\t\t\t<div class=\"elementor-widget-container\">\n\t\t\t\t\t\t\t\t\t\t\t\t\t\t\t<img loading=\"lazy\" decoding=\"async\" width=\"800\" height=\"600\" src=\"https:\/\/propian.de\/wp-content\/uploads\/2025\/06\/letters-286541_1280-1024x768.webp\" class=\"attachment-large size-large wp-image-278\" alt=\"\" srcset=\"https:\/\/propian.de\/wp-content\/uploads\/2025\/06\/letters-286541_1280-1024x768.webp 1024w, https:\/\/propian.de\/wp-content\/uploads\/2025\/06\/letters-286541_1280-300x225.webp 300w, https:\/\/propian.de\/wp-content\/uploads\/2025\/06\/letters-286541_1280-768x576.webp 768w, https:\/\/propian.de\/wp-content\/uploads\/2025\/06\/letters-286541_1280.webp 1280w\" sizes=\"(max-width: 800px) 100vw, 800px\" \/>\t\t\t\t\t\t\t\t\t\t\t\t\t\t\t<\/div>\n\t\t\t\t<\/div>\n\t\t\t\t<\/div>\n\t\t\t\t<\/div>\n\t\t<div class=\"elementor-element elementor-element-2f2c45c e-flex e-con-boxed e-con e-parent\" data-id=\"2f2c45c\" data-element_type=\"container\" data-e-type=\"container\">\n\t\t\t\t\t<div class=\"e-con-inner\">\n\t\t\t\t<div class=\"elementor-element elementor-element-2cf95ad elementor-widget elementor-widget-spacer\" data-id=\"2cf95ad\" data-element_type=\"widget\" data-e-type=\"widget\" data-widget_type=\"spacer.default\">\n\t\t\t\t<div class=\"elementor-widget-container\">\n\t\t\t\t\t\t\t<div class=\"elementor-spacer\">\n\t\t\t<div class=\"elementor-spacer-inner\"><\/div>\n\t\t<\/div>\n\t\t\t\t\t\t<\/div>\n\t\t\t\t<\/div>\n\t\t\t\t\t<\/div>\n\t\t\t\t<\/div>\n\t\t<div class=\"elementor-element elementor-element-279f0be e-con-full e-flex e-con e-parent\" data-id=\"279f0be\" data-element_type=\"container\" data-e-type=\"container\">\n\t\t<div class=\"elementor-element elementor-element-46e97e4 e-con-full e-flex e-con e-child\" data-id=\"46e97e4\" data-element_type=\"container\" data-e-type=\"container\" data-settings=\"{&quot;background_background&quot;:&quot;classic&quot;}\">\n\t\t\t\t<div class=\"elementor-element elementor-element-2ff5b15 elementor-widget elementor-widget-image\" data-id=\"2ff5b15\" data-element_type=\"widget\" data-e-type=\"widget\" data-widget_type=\"image.default\">\n\t\t\t\t<div class=\"elementor-widget-container\">\n\t\t\t\t\t\t\t\t\t\t\t\t\t\t\t<img loading=\"lazy\" decoding=\"async\" width=\"800\" height=\"448\" src=\"https:\/\/propian.de\/wp-content\/uploads\/2025\/06\/Screenshot-2025-06-08-002158-1024x573.png\" class=\"attachment-large size-large wp-image-284\" alt=\"\" srcset=\"https:\/\/propian.de\/wp-content\/uploads\/2025\/06\/Screenshot-2025-06-08-002158-1024x573.png 1024w, https:\/\/propian.de\/wp-content\/uploads\/2025\/06\/Screenshot-2025-06-08-002158-300x168.png 300w, https:\/\/propian.de\/wp-content\/uploads\/2025\/06\/Screenshot-2025-06-08-002158-768x430.png 768w, https:\/\/propian.de\/wp-content\/uploads\/2025\/06\/Screenshot-2025-06-08-002158-1536x859.png 1536w, https:\/\/propian.de\/wp-content\/uploads\/2025\/06\/Screenshot-2025-06-08-002158.webp 1870w\" sizes=\"(max-width: 800px) 100vw, 800px\" \/>\t\t\t\t\t\t\t\t\t\t\t\t\t\t\t<\/div>\n\t\t\t\t<\/div>\n\t\t\t\t<\/div>\n\t\t<div class=\"elementor-element elementor-element-445c50c e-con-full e-flex e-con e-child\" data-id=\"445c50c\" data-element_type=\"container\" data-e-type=\"container\">\n\t\t\t\t<div class=\"elementor-element elementor-element-f4ab786 elementor-widget elementor-widget-heading\" data-id=\"f4ab786\" data-element_type=\"widget\" data-e-type=\"widget\" data-widget_type=\"heading.default\">\n\t\t\t\t<div class=\"elementor-widget-container\">\n\t\t\t\t\t<h6 class=\"elementor-heading-title elementor-size-default\">Propian.Portal - Customize Your Portal<\/h6>\t\t\t\t<\/div>\n\t\t\t\t<\/div>\n\t\t\t\t<div class=\"elementor-element elementor-element-3a1f8f5 elementor-widget elementor-widget-heading\" data-id=\"3a1f8f5\" data-element_type=\"widget\" data-e-type=\"widget\" data-widget_type=\"heading.default\">\n\t\t\t\t<div class=\"elementor-widget-container\">\n\t\t\t\t\t<h1 class=\"elementor-heading-title elementor-size-default\">Dein Propian-Portal. Dein Look. Deine Regeln.<\/h1>\t\t\t\t<\/div>\n\t\t\t\t<\/div>\n\t\t\t\t<div class=\"elementor-element elementor-element-7c9ca10 elementor-invisible elementor-widget elementor-widget-text-editor\" data-id=\"7c9ca10\" data-element_type=\"widget\" data-e-type=\"widget\" data-settings=\"{&quot;_animation&quot;:&quot;fadeIn&quot;,&quot;_animation_delay&quot;:400}\" data-widget_type=\"text-editor.default\">\n\t\t\t\t<div class=\"elementor-widget-container\">\n\t\t\t\t\t\t\t\t\t<p data-start=\"269\" data-end=\"417\">Passe das Propian-Portal ganz individuell an deine Bed\u00fcrfnisse an \u2013 f\u00fcr ein durchg\u00e4ngig einheitliches Erscheinungsbild und optimale Nutzererfahrung:<\/p><ul data-start=\"419\" data-end=\"682\"><li data-start=\"419\" data-end=\"498\"><p data-start=\"421\" data-end=\"498\">W\u00e4hle eigene <strong data-start=\"434\" data-end=\"444\">Farben<\/strong>, <strong data-start=\"446\" data-end=\"455\">Logos<\/strong> und eine personalisierte <strong data-start=\"481\" data-end=\"496\">Login-Maske<\/strong><\/p><\/li><li data-start=\"499\" data-end=\"590\"><p data-start=\"501\" data-end=\"590\">Lege fest, welche <strong data-start=\"519\" data-end=\"555\">Privacy- und Zustimmungsabfragen<\/strong> verpflichtend oder optional sind<\/p><\/li><li data-start=\"591\" data-end=\"682\"><p data-start=\"593\" data-end=\"682\">Nutze auf Wunsch unsere <strong data-start=\"617\" data-end=\"653\">bew\u00e4hrten Standard-Einstellungen<\/strong> f\u00fcr einen schnellen Einstieg<\/p><\/li><\/ul><p data-start=\"1058\" data-end=\"1125\">\u00a0<\/p>\t\t\t\t\t\t\t\t<\/div>\n\t\t\t\t<\/div>\n\t\t\t\t<\/div>\n\t\t\t\t<\/div>\n\t\t<div class=\"elementor-element elementor-element-dea0636 e-flex e-con-boxed e-con e-parent\" data-id=\"dea0636\" data-element_type=\"container\" data-e-type=\"container\">\n\t\t\t\t\t<div class=\"e-con-inner\">\n\t\t\t\t<div class=\"elementor-element elementor-element-9d1780f elementor-widget elementor-widget-spacer\" data-id=\"9d1780f\" data-element_type=\"widget\" data-e-type=\"widget\" data-widget_type=\"spacer.default\">\n\t\t\t\t<div class=\"elementor-widget-container\">\n\t\t\t\t\t\t\t<div class=\"elementor-spacer\">\n\t\t\t<div class=\"elementor-spacer-inner\"><\/div>\n\t\t<\/div>\n\t\t\t\t\t\t<\/div>\n\t\t\t\t<\/div>\n\t\t\t\t\t<\/div>\n\t\t\t\t<\/div>\n\t\t<div class=\"elementor-element elementor-element-d31f464 e-flex e-con-boxed e-con e-parent\" data-id=\"d31f464\" data-element_type=\"container\" data-e-type=\"container\">\n\t\t\t\t\t<div class=\"e-con-inner\">\n\t\t\t\t<div class=\"elementor-element elementor-element-1988d62 elementor-widget elementor-widget-price-table\" data-id=\"1988d62\" data-element_type=\"widget\" data-e-type=\"widget\" data-widget_type=\"price-table.default\">\n\t\t\t\t<div class=\"elementor-widget-container\">\n\t\t\t\t\t\n\t\t<div class=\"elementor-price-table\">\n\t\t\t\t\t\t\t<div class=\"elementor-price-table__header\">\n\t\t\t\t\t\t\t\t\t\t\t<h3 class=\"elementor-price-table__heading\">\n\t\t\t\t\t\tPropian.Portal\t\t\t\t\t\t<\/h3>\n\t\t\t\t\t\n\t\t\t\t\t\t\t\t\t\t\t<span class=\"elementor-price-table__subheading\">\n\t\t\t\t\t\t\tSmall Business &amp; Freelancer\t\t\t\t\t\t<\/span>\n\t\t\t\t\t\t\t\t\t<\/div>\n\t\t\t\n\t\t\t<div class=\"elementor-price-table__price\">\n\t\t\t\t\t\t\t\t<span class=\"elementor-price-table__currency\">&#128;<\/span>\t\t\t\t\t\t\t\t\t<span class=\"elementor-price-table__integer-part\">\n\t\t\t\t\t\t29\t\t\t\t\t<\/span>\n\t\t\t\t\n\t\t\t\t\n\t\t\t\t\n\t\t\t\t\t\t\t\t\t<span class=\"elementor-price-table__period elementor-typo-excluded\">Monatlich<\/span>\t\t\t\t\t\t\t<\/div>\n\n\t\t\t\t\t\t\t<ul class=\"elementor-price-table__features-list\">\n\t\t\t\t\t\t\t\t\t\t\t<li class=\"elementor-repeater-item-6d82791\">\n\t\t\t\t\t\t\t<div class=\"elementor-price-table__feature-inner\">\n\t\t\t\t\t\t\t\t<svg aria-hidden=\"true\" class=\"e-font-icon-svg e-far-check-circle\" viewBox=\"0 0 512 512\" xmlns=\"http:\/\/www.w3.org\/2000\/svg\"><path d=\"M256 8C119.033 8 8 119.033 8 256s111.033 248 248 248 248-111.033 248-248S392.967 8 256 8zm0 48c110.532 0 200 89.451 200 200 0 110.532-89.451 200-200 200-110.532 0-200-89.451-200-200 0-110.532 89.451-200 200-200m140.204 130.267l-22.536-22.718c-4.667-4.705-12.265-4.736-16.97-.068L215.346 303.697l-59.792-60.277c-4.667-4.705-12.265-4.736-16.97-.069l-22.719 22.536c-4.705 4.667-4.736 12.265-.068 16.971l90.781 91.516c4.667 4.705 12.265 4.736 16.97.068l172.589-171.204c4.704-4.668 4.734-12.266.067-16.971z\"><\/path><\/svg>\t\t\t\t\t\t\t\t\t\t\t\t\t\t\t\t\t<span >\n\t\t\t\t\t\t\t\t\t\tAngebots- und Vertragsmanagement\t\t\t\t\t\t\t\t\t<\/span>\n\t\t\t\t\t\t\t\t\t\t\t\t\t\t\t\t<\/div>\n\t\t\t\t\t\t<\/li>\n\t\t\t\t\t\t\t\t\t\t\t<li class=\"elementor-repeater-item-676aa40\">\n\t\t\t\t\t\t\t<div class=\"elementor-price-table__feature-inner\">\n\t\t\t\t\t\t\t\t<svg aria-hidden=\"true\" class=\"e-font-icon-svg e-far-check-circle\" viewBox=\"0 0 512 512\" xmlns=\"http:\/\/www.w3.org\/2000\/svg\"><path d=\"M256 8C119.033 8 8 119.033 8 256s111.033 248 248 248 248-111.033 248-248S392.967 8 256 8zm0 48c110.532 0 200 89.451 200 200 0 110.532-89.451 200-200 200-110.532 0-200-89.451-200-200 0-110.532 89.451-200 200-200m140.204 130.267l-22.536-22.718c-4.667-4.705-12.265-4.736-16.97-.068L215.346 303.697l-59.792-60.277c-4.667-4.705-12.265-4.736-16.97-.069l-22.719 22.536c-4.705 4.667-4.736 12.265-.068 16.971l90.781 91.516c4.667 4.705 12.265 4.736 16.97.068l172.589-171.204c4.704-4.668 4.734-12.266.067-16.971z\"><\/path><\/svg>\t\t\t\t\t\t\t\t\t\t\t\t\t\t\t\t\t<span >\n\t\t\t\t\t\t\t\t\t\tProjektdokumentation\t\t\t\t\t\t\t\t\t<\/span>\n\t\t\t\t\t\t\t\t\t\t\t\t\t\t\t\t<\/div>\n\t\t\t\t\t\t<\/li>\n\t\t\t\t\t\t\t\t\t\t\t<li class=\"elementor-repeater-item-a40c107\">\n\t\t\t\t\t\t\t<div class=\"elementor-price-table__feature-inner\">\n\t\t\t\t\t\t\t\t<svg aria-hidden=\"true\" class=\"e-font-icon-svg e-far-check-circle\" viewBox=\"0 0 512 512\" xmlns=\"http:\/\/www.w3.org\/2000\/svg\"><path d=\"M256 8C119.033 8 8 119.033 8 256s111.033 248 248 248 248-111.033 248-248S392.967 8 256 8zm0 48c110.532 0 200 89.451 200 200 0 110.532-89.451 200-200 200-110.532 0-200-89.451-200-200 0-110.532 89.451-200 200-200m140.204 130.267l-22.536-22.718c-4.667-4.705-12.265-4.736-16.97-.068L215.346 303.697l-59.792-60.277c-4.667-4.705-12.265-4.736-16.97-.069l-22.719 22.536c-4.705 4.667-4.736 12.265-.068 16.971l90.781 91.516c4.667 4.705 12.265 4.736 16.97.068l172.589-171.204c4.704-4.668 4.734-12.266.067-16.971z\"><\/path><\/svg>\t\t\t\t\t\t\t\t\t\t\t\t\t\t\t\t\t<span >\n\t\t\t\t\t\t\t\t\t\tCustomize &amp; AI-Tools\t\t\t\t\t\t\t\t\t<\/span>\n\t\t\t\t\t\t\t\t\t\t\t\t\t\t\t\t<\/div>\n\t\t\t\t\t\t<\/li>\n\t\t\t\t\t\t\t\t\t\t\t<li class=\"elementor-repeater-item-ffa4e8b\">\n\t\t\t\t\t\t\t<div class=\"elementor-price-table__feature-inner\">\n\t\t\t\t\t\t\t\t<svg aria-hidden=\"true\" class=\"e-font-icon-svg e-far-check-circle\" viewBox=\"0 0 512 512\" xmlns=\"http:\/\/www.w3.org\/2000\/svg\"><path d=\"M256 8C119.033 8 8 119.033 8 256s111.033 248 248 248 248-111.033 248-248S392.967 8 256 8zm0 48c110.532 0 200 89.451 200 200 0 110.532-89.451 200-200 200-110.532 0-200-89.451-200-200 0-110.532 89.451-200 200-200m140.204 130.267l-22.536-22.718c-4.667-4.705-12.265-4.736-16.97-.068L215.346 303.697l-59.792-60.277c-4.667-4.705-12.265-4.736-16.97-.069l-22.719 22.536c-4.705 4.667-4.736 12.265-.068 16.971l90.781 91.516c4.667 4.705 12.265 4.736 16.97.068l172.589-171.204c4.704-4.668 4.734-12.266.067-16.971z\"><\/path><\/svg>\t\t\t\t\t\t\t\t\t\t\t\t\t\t\t\t\t<span >\n\t\t\t\t\t\t\t\t\t\tDocuSeal-Integration\t\t\t\t\t\t\t\t\t<\/span>\n\t\t\t\t\t\t\t\t\t\t\t\t\t\t\t\t<\/div>\n\t\t\t\t\t\t<\/li>\n\t\t\t\t\t\t\t\t\t\t\t<li class=\"elementor-repeater-item-74eb87e\">\n\t\t\t\t\t\t\t<div class=\"elementor-price-table__feature-inner\">\n\t\t\t\t\t\t\t\t<svg aria-hidden=\"true\" class=\"e-font-icon-svg e-far-check-circle\" viewBox=\"0 0 512 512\" xmlns=\"http:\/\/www.w3.org\/2000\/svg\"><path d=\"M256 8C119.033 8 8 119.033 8 256s111.033 248 248 248 248-111.033 248-248S392.967 8 256 8zm0 48c110.532 0 200 89.451 200 200 0 110.532-89.451 200-200 200-110.532 0-200-89.451-200-200 0-110.532 89.451-200 200-200m140.204 130.267l-22.536-22.718c-4.667-4.705-12.265-4.736-16.97-.068L215.346 303.697l-59.792-60.277c-4.667-4.705-12.265-4.736-16.97-.069l-22.719 22.536c-4.705 4.667-4.736 12.265-.068 16.971l90.781 91.516c4.667 4.705 12.265 4.736 16.97.068l172.589-171.204c4.704-4.668 4.734-12.266.067-16.971z\"><\/path><\/svg>\t\t\t\t\t\t\t\t\t\t\t\t\t\t\t\t\t<span >\n\t\t\t\t\t\t\t\t\t\tVeranstaltungen &amp; Beitr\u00e4ge  managen\t\t\t\t\t\t\t\t\t<\/span>\n\t\t\t\t\t\t\t\t\t\t\t\t\t\t\t\t<\/div>\n\t\t\t\t\t\t<\/li>\n\t\t\t\t\t\t\t\t\t<\/ul>\n\t\t\t\n\t\t\t\t\t\t\t<div class=\"elementor-price-table__footer\">\n\t\t\t\t\t\t\t\t\t\t\t<a class=\"elementor-price-table__button elementor-button elementor-size-md\" href=\"\">\n\t\t\t\t\t\t\tGleich Starten\t\t\t\t\t\t<\/a>\n\t\t\t\t\t\n\t\t\t\t\t\t\t\t\t\t\t<div class=\"elementor-price-table__additional_info\">\n\t\t\t\t\t\t\tPropian.Portal - Die Kommunikationsplattform mit deinen Stackholdern\t\t\t\t\t\t<\/div>\n\t\t\t\t\t\t\t\t\t<\/div>\n\t\t\t\t\t<\/div>\n\n\t\t\t\t\t<div class=\"elementor-ribbon elementor-ribbon-left\">\n\t\t\t\t<div class=\"elementor-ribbon-inner\">\n\t\t\t\t\tBeste Wahl\t\t\t\t<\/div>\n\t\t\t<\/div>\n\t\t\t\t\t\t\t<\/div>\n\t\t\t\t<\/div>\n\t\t\t\t\t<\/div>\n\t\t\t\t<\/div>\n\t\t\t\t<\/div>\n\t\t","protected":false},"excerpt":{"rendered":"<p>Propian.Portal &#8211; Proposal &amp; Suppliers Angebots- &amp; Vertragsmanagement leicht gemacht Erstelle individuelle Kundenangebote inklusive passender Lieferantenanfragen \u2013 alles zentral und \u00fcbersichtlich.Vergleiche Lieferantenangebote direkt mit den Kundenangeboten und f\u00fchre sie bei Bedarf zusammen. Dank unserer DocuSeal-Integration lassen sich Vertr\u00e4ge digital unterschreiben \u2013 schnell, sicher und rechtskonform.Verwalte alle Kunden- und Lieferantenvertr\u00e4ge an einem Ort \u2013 transparent und [&hellip;]<\/p>\n","protected":false},"author":1,"featured_media":0,"parent":0,"menu_order":0,"comment_status":"closed","ping_status":"closed","template":"elementor_header_footer","meta":{"footnotes":""},"class_list":["post-31","page","type-page","status-publish","hentry"],"_links":{"self":[{"href":"https:\/\/propian.de\/index.php?rest_route=\/wp\/v2\/pages\/31","targetHints":{"allow":["GET"]}}],"collection":[{"href":"https:\/\/propian.de\/index.php?rest_route=\/wp\/v2\/pages"}],"about":[{"href":"https:\/\/propian.de\/index.php?rest_route=\/wp\/v2\/types\/page"}],"author":[{"embeddable":true,"href":"https:\/\/propian.de\/index.php?rest_route=\/wp\/v2\/users\/1"}],"replies":[{"embeddable":true,"href":"https:\/\/propian.de\/index.php?rest_route=%2Fwp%2Fv2%2Fcomments&post=31"}],"version-history":[{"count":16,"href":"https:\/\/propian.de\/index.php?rest_route=\/wp\/v2\/pages\/31\/revisions"}],"predecessor-version":[{"id":314,"href":"https:\/\/propian.de\/index.php?rest_route=\/wp\/v2\/pages\/31\/revisions\/314"}],"wp:attachment":[{"href":"https:\/\/propian.de\/index.php?rest_route=%2Fwp%2Fv2%2Fmedia&parent=31"}],"curies":[{"name":"wp","href":"https:\/\/api.w.org\/{rel}","templated":true}]}}