{"id":20,"date":"2024-04-10T17:39:52","date_gmt":"2024-04-10T17:39:52","guid":{"rendered":"https:\/\/www.propian.de\/our-services\/"},"modified":"2025-06-07T23:17:49","modified_gmt":"2025-06-07T23:17:49","slug":"material","status":"publish","type":"page","link":"https:\/\/propian.de\/?page_id=20","title":{"rendered":".Material"},"content":{"rendered":"\t\t<div data-elementor-type=\"wp-page\" data-elementor-id=\"20\" class=\"elementor elementor-20\" data-elementor-post-type=\"page\">\n\t\t\t\t<div class=\"elementor-element elementor-element-72365be8 e-flex e-con-boxed e-con e-parent\" data-id=\"72365be8\" data-element_type=\"container\" data-e-type=\"container\">\n\t\t\t\t\t<div class=\"e-con-inner\">\n\t\t<div class=\"elementor-element elementor-element-2e8b6a95 e-con-full e-flex e-con e-child\" data-id=\"2e8b6a95\" data-element_type=\"container\" data-e-type=\"container\">\n\t\t\t\t<div class=\"elementor-element elementor-element-5f8f5ed9 elementor-widget elementor-widget-heading\" data-id=\"5f8f5ed9\" data-element_type=\"widget\" data-e-type=\"widget\" data-widget_type=\"heading.default\">\n\t\t\t\t<div class=\"elementor-widget-container\">\n\t\t\t\t\t<h6 class=\"elementor-heading-title elementor-size-default\">Propian.Material - Dashboard<\/h6>\t\t\t\t<\/div>\n\t\t\t\t<\/div>\n\t\t\t\t<div class=\"elementor-element elementor-element-5731af1d elementor-widget elementor-widget-heading\" data-id=\"5731af1d\" data-element_type=\"widget\" data-e-type=\"widget\" data-widget_type=\"heading.default\">\n\t\t\t\t<div class=\"elementor-widget-container\">\n\t\t\t\t\t<h2 class=\"elementor-heading-title elementor-size-default\">Alles auf einen Blick \u2013 im pers\u00f6nlichen Dashboard<\/h2>\t\t\t\t<\/div>\n\t\t\t\t<\/div>\n\t\t\t\t<div class=\"elementor-element elementor-element-5a5cd79a elementor-widget__width-initial elementor-widget-mobile__width-inherit elementor-widget elementor-widget-text-editor\" data-id=\"5a5cd79a\" data-element_type=\"widget\" data-e-type=\"widget\" data-widget_type=\"text-editor.default\">\n\t\t\t\t<div class=\"elementor-widget-container\">\n\t\t\t\t\t\t\t\t\t<p data-start=\"227\" data-end=\"307\">m Dashboard behalten Mitarbeitende jederzeit den \u00dcberblick \u00fcber alles Wichtige:<\/p><ul data-start=\"309\" data-end=\"709\"><li data-start=\"309\" data-end=\"360\"><p data-start=\"311\" data-end=\"360\"><strong data-start=\"311\" data-end=\"332\">Aktuelle Beitr\u00e4ge<\/strong> von der internen Homepage<\/p><\/li><li data-start=\"361\" data-end=\"412\"><p data-start=\"363\" data-end=\"412\"><strong data-start=\"363\" data-end=\"382\">MS Teams-Kan\u00e4le<\/strong> und relevante Kommunikation<\/p><\/li><li data-start=\"413\" data-end=\"479\"><p data-start=\"415\" data-end=\"479\"><strong data-start=\"415\" data-end=\"432\">Zeiterfassung<\/strong> mit offenen Eintr\u00e4gen, Fehl- und \u00dcberstunden<\/p><\/li><li data-start=\"480\" data-end=\"553\"><p data-start=\"482\" data-end=\"553\"><strong data-start=\"482\" data-end=\"499\">Urlaubsstatus<\/strong> \u2013 offen, beantragt, genehmigt oder bereits genommen<\/p><\/li><li data-start=\"554\" data-end=\"632\"><p data-start=\"556\" data-end=\"632\">Zugriff auf <strong data-start=\"568\" data-end=\"590\">zentrale Dokumente<\/strong>, z.\u202fB. Arbeitsvertr\u00e4ge, Bescheinigungen<\/p><\/li><li data-start=\"633\" data-end=\"709\"><p data-start=\"635\" data-end=\"709\"><strong data-start=\"635\" data-end=\"652\">Direkte Links<\/strong> zu aktuellen Arbeitsgesetzen und den wichtigsten Tools<\/p><\/li><\/ul><p data-start=\"711\" data-end=\"825\">So starten deine Mitarbeitenden informiert und organisiert in den Arbeitstag \u2013 ohne langes Suchen oder Nachfragen.<\/p>\t\t\t\t\t\t\t\t<\/div>\n\t\t\t\t<\/div>\n\t\t\t\t<\/div>\n\t\t<div class=\"elementor-element elementor-element-14433871 e-flex e-con-boxed e-con e-child\" data-id=\"14433871\" data-element_type=\"container\" data-e-type=\"container\" data-settings=\"{&quot;background_background&quot;:&quot;classic&quot;}\">\n\t\t\t\t\t<div class=\"e-con-inner\">\n\t\t\t\t<div class=\"elementor-element elementor-element-5fef894 elementor-widget elementor-widget-image\" data-id=\"5fef894\" data-element_type=\"widget\" data-e-type=\"widget\" data-widget_type=\"image.default\">\n\t\t\t\t<div class=\"elementor-widget-container\">\n\t\t\t\t\t\t\t\t\t\t\t\t\t\t\t<img fetchpriority=\"high\" decoding=\"async\" width=\"1866\" height=\"1074\" src=\"https:\/\/propian.de\/wp-content\/uploads\/2025\/06\/Screenshot-2025-06-08-005208.webp\" class=\"attachment-full size-full wp-image-293\" alt=\"\" srcset=\"https:\/\/propian.de\/wp-content\/uploads\/2025\/06\/Screenshot-2025-06-08-005208.webp 1866w, https:\/\/propian.de\/wp-content\/uploads\/2025\/06\/Screenshot-2025-06-08-005208-300x173.webp 300w, https:\/\/propian.de\/wp-content\/uploads\/2025\/06\/Screenshot-2025-06-08-005208-1024x589.webp 1024w, https:\/\/propian.de\/wp-content\/uploads\/2025\/06\/Screenshot-2025-06-08-005208-768x442.webp 768w, https:\/\/propian.de\/wp-content\/uploads\/2025\/06\/Screenshot-2025-06-08-005208-1536x884.webp 1536w\" sizes=\"(max-width: 1866px) 100vw, 1866px\" \/>\t\t\t\t\t\t\t\t\t\t\t\t\t\t\t<\/div>\n\t\t\t\t<\/div>\n\t\t\t\t<div class=\"elementor-element elementor-element-4c2b1b1 elementor-widget elementor-widget-image\" data-id=\"4c2b1b1\" data-element_type=\"widget\" data-e-type=\"widget\" data-widget_type=\"image.default\">\n\t\t\t\t<div class=\"elementor-widget-container\">\n\t\t\t\t\t\t\t\t\t\t\t\t\t\t\t<img decoding=\"async\" width=\"800\" height=\"533\" src=\"https:\/\/propian.de\/wp-content\/uploads\/2025\/06\/computer-767776_1280-1024x682.webp\" class=\"attachment-large size-large wp-image-294\" alt=\"\" srcset=\"https:\/\/propian.de\/wp-content\/uploads\/2025\/06\/computer-767776_1280-1024x682.webp 1024w, https:\/\/propian.de\/wp-content\/uploads\/2025\/06\/computer-767776_1280-300x200.webp 300w, https:\/\/propian.de\/wp-content\/uploads\/2025\/06\/computer-767776_1280-768x512.webp 768w, https:\/\/propian.de\/wp-content\/uploads\/2025\/06\/computer-767776_1280.webp 1280w\" sizes=\"(max-width: 800px) 100vw, 800px\" \/>\t\t\t\t\t\t\t\t\t\t\t\t\t\t\t<\/div>\n\t\t\t\t<\/div>\n\t\t\t\t\t<\/div>\n\t\t\t\t<\/div>\n\t\t\t\t\t<\/div>\n\t\t\t\t<\/div>\n\t\t<div class=\"elementor-element elementor-element-a52bb4f e-flex e-con-boxed e-con e-parent\" data-id=\"a52bb4f\" data-element_type=\"container\" data-e-type=\"container\">\n\t\t\t\t\t<div class=\"e-con-inner\">\n\t\t<div class=\"elementor-element elementor-element-ba28f70 e-con-full e-flex e-con e-child\" data-id=\"ba28f70\" data-element_type=\"container\" data-e-type=\"container\">\n\t\t\t\t<div class=\"elementor-element elementor-element-93df722 elementor-widget elementor-widget-heading\" data-id=\"93df722\" data-element_type=\"widget\" data-e-type=\"widget\" data-widget_type=\"heading.default\">\n\t\t\t\t<div class=\"elementor-widget-container\">\n\t\t\t\t\t<h6 class=\"elementor-heading-title elementor-size-default\">Propian.Material - Time Tracking &amp; Reports<\/h6>\t\t\t\t<\/div>\n\t\t\t\t<\/div>\n\t\t\t\t<div class=\"elementor-element elementor-element-1f36f71 elementor-widget elementor-widget-heading\" data-id=\"1f36f71\" data-element_type=\"widget\" data-e-type=\"widget\" data-widget_type=\"heading.default\">\n\t\t\t\t<div class=\"elementor-widget-container\">\n\t\t\t\t\t<h2 class=\"elementor-heading-title elementor-size-default\">Intelligente Zeiterfassung \u2013 projektbasiert &amp; regelkonform<\/h2>\t\t\t\t<\/div>\n\t\t\t\t<\/div>\n\t\t\t\t<div class=\"elementor-element elementor-element-ad3085f elementor-widget__width-initial elementor-widget-mobile__width-inherit elementor-widget elementor-widget-text-editor\" data-id=\"ad3085f\" data-element_type=\"widget\" data-e-type=\"widget\" data-widget_type=\"text-editor.default\">\n\t\t\t\t<div class=\"elementor-widget-container\">\n\t\t\t\t\t\t\t\t\t<p>Mit der Zeiterfassung kann auf Projekte und Projektaufgaben gebucht werden. Auf die Projekte kann definiert werden, wer Zugriff hat. Mit hilfe von Working Time Regulations k\u00f6nnen harte und weiche Grunds\u00e4tze festgelegt werden. Dies kann zu einer Benachrichtigung f\u00fchren (weich) oder das dies nicht eingetragen werden darf (hart).<\/p><p>Durch unsere ausergew\u00f6hnliche Feiertagsfunktion k\u00f6nnen Sie die Feiertage und Betriebsurlaub definieren. Die Feiertage werden von verschiedenen Server geladen.<\/p><p>Durch unsere funktion GIPP k\u00f6nnen Sie auch Teams interdisziplin\u00e4re Teams im agilen Umfeld sehr gut planen und herausfinden, wer wann da ist.<\/p><p data-start=\"258\" data-end=\"507\">Mit unserer <strong data-start=\"270\" data-end=\"304\">projektbezogenen Zeiterfassung<\/strong> k\u00f6nnen Mitarbeitende ihre Zeiten pr\u00e4zise auf Projekte und einzelne Aufgaben buchen.<br data-start=\"388\" data-end=\"391\" \/>Der Zugriff auf Projekte l\u00e4sst sich individuell steuern \u2013 so sieht jeder nur das, was f\u00fcr ihn oder sie relevant ist.<\/p>\t\t\t\t\t\t\t\t<\/div>\n\t\t\t\t<\/div>\n\t\t\t\t<\/div>\n\t\t<div class=\"elementor-element elementor-element-1a4a05d e-flex e-con-boxed e-con e-child\" data-id=\"1a4a05d\" data-element_type=\"container\" data-e-type=\"container\" data-settings=\"{&quot;background_background&quot;:&quot;classic&quot;}\">\n\t\t\t\t\t<div class=\"e-con-inner\">\n\t\t\t\t<div class=\"elementor-element elementor-element-3872572 elementor-widget elementor-widget-image\" data-id=\"3872572\" data-element_type=\"widget\" data-e-type=\"widget\" data-widget_type=\"image.default\">\n\t\t\t\t<div class=\"elementor-widget-container\">\n\t\t\t\t\t\t\t\t\t\t\t\t\t\t\t<img decoding=\"async\" width=\"1211\" height=\"770\" src=\"https:\/\/propian.de\/wp-content\/uploads\/2025\/06\/Screenshot-2025-06-08-011436.webp\" class=\"attachment-full size-full wp-image-300\" alt=\"\" srcset=\"https:\/\/propian.de\/wp-content\/uploads\/2025\/06\/Screenshot-2025-06-08-011436.webp 1211w, https:\/\/propian.de\/wp-content\/uploads\/2025\/06\/Screenshot-2025-06-08-011436-300x191.webp 300w, https:\/\/propian.de\/wp-content\/uploads\/2025\/06\/Screenshot-2025-06-08-011436-1024x651.webp 1024w, https:\/\/propian.de\/wp-content\/uploads\/2025\/06\/Screenshot-2025-06-08-011436-768x488.webp 768w\" sizes=\"(max-width: 1211px) 100vw, 1211px\" \/>\t\t\t\t\t\t\t\t\t\t\t\t\t\t\t<\/div>\n\t\t\t\t<\/div>\n\t\t\t\t<div class=\"elementor-element elementor-element-459b133 elementor-widget elementor-widget-image\" data-id=\"459b133\" data-element_type=\"widget\" data-e-type=\"widget\" data-widget_type=\"image.default\">\n\t\t\t\t<div class=\"elementor-widget-container\">\n\t\t\t\t\t\t\t\t\t\t\t\t\t\t\t<img loading=\"lazy\" decoding=\"async\" width=\"800\" height=\"534\" src=\"https:\/\/propian.de\/wp-content\/uploads\/2025\/06\/zeiterfassung-4703485_1280-1024x683.webp\" class=\"attachment-large size-large wp-image-301\" alt=\"\" srcset=\"https:\/\/propian.de\/wp-content\/uploads\/2025\/06\/zeiterfassung-4703485_1280-1024x683.webp 1024w, https:\/\/propian.de\/wp-content\/uploads\/2025\/06\/zeiterfassung-4703485_1280-300x200.webp 300w, https:\/\/propian.de\/wp-content\/uploads\/2025\/06\/zeiterfassung-4703485_1280-768x512.webp 768w, https:\/\/propian.de\/wp-content\/uploads\/2025\/06\/zeiterfassung-4703485_1280.webp 1280w\" sizes=\"(max-width: 800px) 100vw, 800px\" \/>\t\t\t\t\t\t\t\t\t\t\t\t\t\t\t<\/div>\n\t\t\t\t<\/div>\n\t\t\t\t\t<\/div>\n\t\t\t\t<\/div>\n\t\t\t\t\t<\/div>\n\t\t\t\t<\/div>\n\t\t<div class=\"elementor-element elementor-element-f9cdafe e-flex e-con-boxed e-con e-parent\" data-id=\"f9cdafe\" data-element_type=\"container\" data-e-type=\"container\">\n\t\t\t\t\t<div class=\"e-con-inner\">\n\t\t<div class=\"elementor-element elementor-element-5c0d61c e-con-full e-flex e-con e-child\" data-id=\"5c0d61c\" data-element_type=\"container\" data-e-type=\"container\">\n\t\t\t\t<div class=\"elementor-element elementor-element-669cfdd elementor-widget elementor-widget-heading\" data-id=\"669cfdd\" data-element_type=\"widget\" data-e-type=\"widget\" data-widget_type=\"heading.default\">\n\t\t\t\t<div class=\"elementor-widget-container\">\n\t\t\t\t\t<h6 class=\"elementor-heading-title elementor-size-default\">Propian.Material - Time Tracking &amp; Reports<\/h6>\t\t\t\t<\/div>\n\t\t\t\t<\/div>\n\t\t\t\t<div class=\"elementor-element elementor-element-0ef85b8 elementor-widget elementor-widget-heading\" data-id=\"0ef85b8\" data-element_type=\"widget\" data-e-type=\"widget\" data-widget_type=\"heading.default\">\n\t\t\t\t<div class=\"elementor-widget-container\">\n\t\t\t\t\t<h2 class=\"elementor-heading-title elementor-size-default\">Flexible Regeln f\u00fcr Arbeitszeiten<\/h2>\t\t\t\t<\/div>\n\t\t\t\t<\/div>\n\t\t\t\t<div class=\"elementor-element elementor-element-9aeba1a elementor-widget__width-initial elementor-widget-mobile__width-inherit elementor-widget elementor-widget-text-editor\" data-id=\"9aeba1a\" data-element_type=\"widget\" data-e-type=\"widget\" data-widget_type=\"text-editor.default\">\n\t\t\t\t<div class=\"elementor-widget-container\">\n\t\t\t\t\t\t\t\t\t<p data-start=\"553\" data-end=\"654\">\u00dcber unsere <strong data-start=\"565\" data-end=\"593\">Working Time Regulations<\/strong> lassen sich weiche und harte Arbeitszeitregeln definieren:<\/p><ul data-start=\"655\" data-end=\"880\"><li data-start=\"655\" data-end=\"756\"><p data-start=\"657\" data-end=\"756\"><strong data-start=\"657\" data-end=\"674\">Weiche Regeln<\/strong> l\u00f6sen nur eine Benachrichtigung aus (z.\u202fB. bei \u00dcberschreitung von Pausenzeiten)<\/p><\/li><li data-start=\"757\" data-end=\"880\"><p data-start=\"759\" data-end=\"880\"><strong data-start=\"759\" data-end=\"775\">Harte Regeln<\/strong> verhindern aktiv das Speichern von Eintr\u00e4gen, die gegen gesetzliche oder betriebliche Vorgaben versto\u00dfen<\/p><\/li><\/ul>\t\t\t\t\t\t\t\t<\/div>\n\t\t\t\t<\/div>\n\t\t\t\t<\/div>\n\t\t<div class=\"elementor-element elementor-element-5640886 e-flex e-con-boxed e-con e-child\" data-id=\"5640886\" data-element_type=\"container\" data-e-type=\"container\" data-settings=\"{&quot;background_background&quot;:&quot;classic&quot;}\">\n\t\t\t\t\t<div class=\"e-con-inner\">\n\t\t\t\t<div class=\"elementor-element elementor-element-7831fd7 elementor-widget elementor-widget-image\" data-id=\"7831fd7\" data-element_type=\"widget\" data-e-type=\"widget\" data-widget_type=\"image.default\">\n\t\t\t\t<div class=\"elementor-widget-container\">\n\t\t\t\t\t\t\t\t\t\t\t\t\t\t\t<img loading=\"lazy\" decoding=\"async\" width=\"800\" height=\"298\" src=\"https:\/\/propian.de\/wp-content\/uploads\/2025\/06\/Screenshot-2025-06-08-010218-1024x382.webp\" class=\"attachment-large size-large wp-image-299\" alt=\"\" srcset=\"https:\/\/propian.de\/wp-content\/uploads\/2025\/06\/Screenshot-2025-06-08-010218-1024x382.webp 1024w, https:\/\/propian.de\/wp-content\/uploads\/2025\/06\/Screenshot-2025-06-08-010218-300x112.webp 300w, https:\/\/propian.de\/wp-content\/uploads\/2025\/06\/Screenshot-2025-06-08-010218-768x287.webp 768w, https:\/\/propian.de\/wp-content\/uploads\/2025\/06\/Screenshot-2025-06-08-010218-1536x574.webp 1536w, https:\/\/propian.de\/wp-content\/uploads\/2025\/06\/Screenshot-2025-06-08-010218.webp 1861w\" sizes=\"(max-width: 800px) 100vw, 800px\" \/>\t\t\t\t\t\t\t\t\t\t\t\t\t\t\t<\/div>\n\t\t\t\t<\/div>\n\t\t\t\t\t<\/div>\n\t\t\t\t<\/div>\n\t\t\t\t\t<\/div>\n\t\t\t\t<\/div>\n\t\t<div class=\"elementor-element elementor-element-7b71a7d2 e-con-full e-flex e-con e-parent\" data-id=\"7b71a7d2\" data-element_type=\"container\" data-e-type=\"container\" data-settings=\"{&quot;background_background&quot;:&quot;classic&quot;}\">\n\t\t\t\t<div class=\"elementor-element elementor-element-37779141 elementor-cta--layout-image-right elementor-cta--valign-middle elementor-cta--mobile-layout-image-above elementor-widget__width-initial elementor-widget-tablet__width-inherit elementor-cta--skin-classic elementor-animated-content elementor-bg-transform elementor-bg-transform-zoom-in elementor-widget elementor-widget-call-to-action\" data-id=\"37779141\" data-element_type=\"widget\" data-e-type=\"widget\" data-widget_type=\"call-to-action.default\">\n\t\t\t\t<div class=\"elementor-widget-container\">\n\t\t\t\t\t\t\t<div class=\"elementor-cta\">\n\t\t\t\t\t\t\t<div class=\"elementor-cta__content\">\n\t\t\t\t\n\t\t\t\t\t\t\t\t\t<h2 class=\"elementor-cta__title elementor-cta__content-item elementor-content-item\">\n\t\t\t\t\t\tNeugierig auf mehr?\t\t\t\t\t<\/h2>\n\t\t\t\t\n\t\t\t\t\t\t\t\t\t<div class=\"elementor-cta__description elementor-cta__content-item elementor-content-item\">\n\t\t\t\t\t\tWir haben noch viele weitere Funktionen f\u00fcr Sie parat.\n\t\t\t\t\t<\/div>\n\t\t\t\t\n\t\t\t\t\t\t\t\t\t<div class=\"elementor-cta__button-wrapper elementor-cta__content-item elementor-content-item \">\n\t\t\t\t\t<a class=\"elementor-cta__button elementor-button elementor-size-md\" href=\"https:\/\/propian.de\/?page_id=189\">\n\t\t\t\t\t\tJetzt Termin buchen!\t\t\t\t\t<\/a>\n\t\t\t\t\t<\/div>\n\t\t\t\t\t\t\t<\/div>\n\t\t\t\t\t\t<\/div>\n\t\t\t\t\t\t<\/div>\n\t\t\t\t<\/div>\n\t\t\t\t<\/div>\n\t\t\t\t<\/div>\n\t\t","protected":false},"excerpt":{"rendered":"<p>Propian.Material &#8211; Dashboard Alles auf einen Blick \u2013 im pers\u00f6nlichen Dashboard m Dashboard behalten Mitarbeitende jederzeit den \u00dcberblick \u00fcber alles Wichtige: Aktuelle Beitr\u00e4ge von der internen Homepage MS Teams-Kan\u00e4le und relevante Kommunikation Zeiterfassung mit offenen Eintr\u00e4gen, Fehl- und \u00dcberstunden Urlaubsstatus \u2013 offen, beantragt, genehmigt oder bereits genommen Zugriff auf zentrale Dokumente, z.\u202fB. Arbeitsvertr\u00e4ge, Bescheinigungen Direkte [&hellip;]<\/p>\n","protected":false},"author":1,"featured_media":0,"parent":0,"menu_order":0,"comment_status":"closed","ping_status":"closed","template":"elementor_header_footer","meta":{"footnotes":""},"class_list":["post-20","page","type-page","status-publish","hentry"],"_links":{"self":[{"href":"https:\/\/propian.de\/index.php?rest_route=\/wp\/v2\/pages\/20","targetHints":{"allow":["GET"]}}],"collection":[{"href":"https:\/\/propian.de\/index.php?rest_route=\/wp\/v2\/pages"}],"about":[{"href":"https:\/\/propian.de\/index.php?rest_route=\/wp\/v2\/types\/page"}],"author":[{"embeddable":true,"href":"https:\/\/propian.de\/index.php?rest_route=\/wp\/v2\/users\/1"}],"replies":[{"embeddable":true,"href":"https:\/\/propian.de\/index.php?rest_route=%2Fwp%2Fv2%2Fcomments&post=20"}],"version-history":[{"count":10,"href":"https:\/\/propian.de\/index.php?rest_route=\/wp\/v2\/pages\/20\/revisions"}],"predecessor-version":[{"id":307,"href":"https:\/\/propian.de\/index.php?rest_route=\/wp\/v2\/pages\/20\/revisions\/307"}],"wp:attachment":[{"href":"https:\/\/propian.de\/index.php?rest_route=%2Fwp%2Fv2%2Fmedia&parent=20"}],"curies":[{"name":"wp","href":"https:\/\/api.w.org\/{rel}","templated":true}]}}